{"id":37966,"date":"2020-07-09T11:05:29","date_gmt":"2020-07-09T18:05:29","guid":{"rendered":"https:\/\/ascendemployment.com\/partenaires-de-prestation-de-services\/"},"modified":"2026-02-11T12:46:46","modified_gmt":"2026-02-11T20:46:46","slug":"partenaires-de-prestation-de-services","status":"publish","type":"page","link":"https:\/\/ascendemployment.com\/fr\/partenaires-de-prestation-de-services\/","title":{"rendered":"Prestataires de services partenaires"},"content":{"rendered":"\n<nav class=\"level-2-menu\">\n    <ul>\n        <li>\n            <a href=\"#video-partenaires\">Vid\u00e9o D\u00e9monstration d\u2019ASCEND pour les partenaires<\/a>\n        <\/li>\n        <li>\n            <a href=\"https:\/\/ascendemployment.com\/fr\/nous-contacter\/\">Partenaires ASCEND (carte)<\/a>\n        <\/li>\n        <li>\n            <a href=\"https:\/\/ascendemployment.com\/fr\/category\/actualites-fr\/\">Bulletin trimestriel des partenaires<\/a>\n        <\/li>\n    <\/ul>\n<\/nav>\n\n\n\r\n<div id=\"banner-half-image\" class=\"full-page break-out\" >\r\n\r\n    <div class=\"row\">\r\n\r\n        <div class=\"col-12 col-md-6 col-image\" style=\"background-image: url(https:\/\/i0.wp.com\/ascendemployment.com\/wp-content\/uploads\/3.-Service-Delivery-Partners--scaled.jpg?fit=1024%2C683&#038;ssl=1);\"><\/div>\r\n\r\n        <div class=\"col-12 col-md-6 col-content\">\r\n            <div class=\"inner\">\r\n                <h2><span style=\"color: #3ebde9\">Prestataires de services partenaires<\/span><\/h2>\n<h2>Am\u00e9liorez vos services pour l&#8217;emploi<\/h2>\n<p class=\"opener\" class=\"opener\">L&#8217;\u00e9quipe ASCEND fournit aux partenaires des outils d&#8217;int\u00e9gration personnalis\u00e9s et les contenus du programme pour vous permettre, \u00e0 vous et \u00e0 vos clients, de participer \u00e0 ASCEND rapidement et facilement.<\/p>\n            <\/div>\r\n        <\/div>\r\n\r\n    <\/div>\r\n\r\n<\/div>\r\n\n\n<div class=\"wp-bootstrap-blocks-container container-fluid mb-0 bg-lightblue\">\n\t\n<div class=\"wp-bootstrap-blocks-container container mb-0 lgpadding\">\n\t\n\n<div style=\"height:50px\" aria-hidden=\"true\" class=\"wp-block-spacer\"><\/div>\n\n\n\n<h2 class=\"wp-block-heading has-text-align-center has-text-color\" style=\"color:#081336\"><span style=\"background-color:rgba(0, 0, 0, 0);color:#031c27\" class=\"has-inline-color\">ASCEND soutient vos services de facilitation de l&#8217;emploi<\/span><\/h2>\n\n\n\n<p class=\"has-text-align-center has-text-color\" style=\"color:#081336\"><span style=\"background-color:rgba(0, 0, 0, 0);color:#02171f\" class=\"has-inline-color\"><strong>Nous r\u00e9duisons la charge qui p\u00e8se sur les ressources de nos partenaires en leur fournissant:<\/strong><\/span><\/p>\n\n\n\n<div style=\"height:44px\" aria-hidden=\"true\" class=\"wp-block-spacer\"><\/div>\n\n\n\n<div class=\"wp-block-columns icon-row is-layout-flex wp-container-core-columns-is-layout-1 wp-block-columns-is-layout-flex\">\n<div class=\"wp-block-column is-layout-flow wp-block-column-is-layout-flow\">\n<figure class=\"wp-block-image size-large\"><img loading=\"lazy\" decoding=\"async\" width=\"138\" height=\"123\" src=\"https:\/\/ascendemployment.com\/wp-content\/uploads\/After-ascend-icon-journals.svg\" alt=\"\" class=\"wp-image-35144\"\/><\/figure>\n\n\n\n<p>Fiches de travail du participant<\/p>\n<\/div>\n\n\n\n<div class=\"wp-block-column is-layout-flow wp-block-column-is-layout-flow\">\n<figure class=\"wp-block-image size-large\"><img loading=\"lazy\" decoding=\"async\" width=\"156\" height=\"134\" src=\"http:\/\/ascendemployment.com\/wp-content\/uploads\/After-ascend-icon-interviews.svg\" alt=\"\" class=\"wp-image-35142\"\/><\/figure>\n\n\n\n<p>Apprentissage \u00e0 distance \u00e0 son propre rythme<\/p>\n<\/div>\n\n\n\n<div class=\"wp-block-column is-layout-flow wp-block-column-is-layout-flow\">\n<figure class=\"wp-block-image size-large\"><img loading=\"lazy\" decoding=\"async\" width=\"512\" height=\"512\" src=\"http:\/\/ascendemployment.com\/wp-content\/uploads\/After-ascend-icon-career-progression.svg\" alt=\"\" class=\"wp-image-35139\" srcset=\"https:\/\/ascendemployment.com\/wp-content\/uploads\/\/After-ascend-icon-career-progression.svg 200w, https:\/\/ascendemployment.com\/wp-content\/uploads\/\/After-ascend-icon-career-progression.svg 600w, https:\/\/ascendemployment.com\/wp-content\/uploads\/\/After-ascend-icon-career-progression.svg 1024w, https:\/\/ascendemployment.com\/wp-content\/uploads\/\/After-ascend-icon-career-progression.svg 1536w, https:\/\/ascendemployment.com\/wp-content\/uploads\/\/After-ascend-icon-career-progression.svg 2048w, https:\/\/ascendemployment.com\/wp-content\/uploads\/\/After-ascend-icon-career-progression.svg 512w\" sizes=\"auto, (max-width: 512px) 100vw, 512px\" \/><\/figure>\n\n\n\n<p>Rapports hebdomadaires sur les progr\u00e8s des clients<\/p>\n<\/div>\n<\/div>\n\n<\/div>\n\n\n\n<div style=\"height:100px\" aria-hidden=\"true\" class=\"wp-block-spacer\"><\/div>\n\n<\/div>\n\n\n\n<div class=\"wp-block-columns is-layout-flex wp-container-core-columns-is-layout-2 wp-block-columns-is-layout-flex\" id=\"video-partners-fr\">\n<div class=\"wp-block-column is-layout-flow wp-block-column-is-layout-flow\" id=\"video-partenaires\">\n<figure class=\"wp-block-embed is-type-video is-provider-youtube wp-block-embed-youtube wp-embed-aspect-16-9 wp-has-aspect-ratio\"><div class=\"wp-block-embed__wrapper\">\n<iframe loading=\"lazy\" title=\"#ASCEND Demo Partenaires 2023 | #IECBC\" width=\"1200\" height=\"675\" src=\"https:\/\/www.youtube.com\/embed\/khTRhM8M7o8?feature=oembed\" frameborder=\"0\" allow=\"accelerometer; autoplay; clipboard-write; encrypted-media; gyroscope; picture-in-picture; web-share\" referrerpolicy=\"strict-origin-when-cross-origin\" allowfullscreen><\/iframe>\n<\/div><\/figure>\n\n\n\n<h3 class=\"wp-block-heading has-text-align-center has-white-color has-text-color has-background\" style=\"background-color:#0b1841\">Des outils marketing et des tableaux de bord sur mesure pour chaque partenaire!<\/h3>\n\n\n\n\n<\/div>\n<\/div>\n\n\n\n<div style=\"height:100px\" aria-hidden=\"true\" id=\"joining-steps\" class=\"wp-block-spacer\"><\/div>\n\n\n<div class=\"wp-bootstrap-blocks-container container mb-2\">\n\t<\/div>\n\n\n<div class=\"wp-bootstrap-blocks-container container-fluid mb-5\">\n\t\n\n<div class=\"wp-block-media-text alignwide has-media-on-the-right is-stacked-on-mobile is-vertically-aligned-center\" style=\"grid-template-columns:auto 58%\"><div class=\"wp-block-media-text__content\">\n<h3 class=\"wp-block-heading has-text-color\" style=\"color:#3ebde9\">Pour promouvoir efficacement ASCEND aupr\u00e8s de vos clients, nous fournissons \u00e0 chaque partenaire:<\/h3>\n\n\n\n<ul style=\"padding-left: 1rem;\">\n        <li class=\"toolkit\"><strong>Affiche du programme ASCEND<\/strong> personnalis\u00e9e avec le logo de votre organisation<\/li>\n        <li class=\"toolkit\"><strong>PowerPoint<\/strong> avec votre logo \u00e0\u00a0utiliser pour les sessions d&#8217;information pour le recrutement des clients<\/li>\n        <li class=\"toolkit\"><strong>Graphiques personnalis\u00e9s<\/strong> pour les <strong>m\u00e9dias sociaux<\/strong> afin d&#8217;informer les clients de vos prochaines sessions ASCEND<\/li>\n        <li class=\"toolkit\"><strong>Bo\u00eete \u00e0 outils marketing personnalis\u00e9e compl\u00e8te<\/strong> avec des descriptions pour une utilisation optimale du mat\u00e9riel marketing d&#8217;ASCEND<\/li>\n        <li class=\"toolkit\"><strong>Tableau de bord du programme ASCEND<\/strong> avec votre logo et vos flux de r\u00e9seaux sociaux<\/li>\n    <\/ul>\n<\/div><figure class=\"wp-block-media-text__media\"><img data-recalc-dims=\"1\" loading=\"lazy\" decoding=\"async\" width=\"1024\" height=\"625\" src=\"https:\/\/i0.wp.com\/ascendemployment.com\/wp-content\/uploads\/MicrosoftTeams-image4-1024x625.jpg?resize=1024%2C625&#038;ssl=1\" alt=\"\" class=\"wp-image-38302 size-large\" srcset=\"https:\/\/i0.wp.com\/ascendemployment.com\/wp-content\/uploads\/MicrosoftTeams-image4-scaled.jpg?resize=1024%2C625&amp;ssl=1 1024w, https:\/\/i0.wp.com\/ascendemployment.com\/wp-content\/uploads\/MicrosoftTeams-image4-scaled.jpg?resize=600%2C366&amp;ssl=1 600w, https:\/\/i0.wp.com\/ascendemployment.com\/wp-content\/uploads\/MicrosoftTeams-image4-scaled.jpg?resize=768%2C469&amp;ssl=1 768w, https:\/\/i0.wp.com\/ascendemployment.com\/wp-content\/uploads\/MicrosoftTeams-image4-scaled.jpg?resize=1536%2C938&amp;ssl=1 1536w, https:\/\/i0.wp.com\/ascendemployment.com\/wp-content\/uploads\/MicrosoftTeams-image4-scaled.jpg?resize=2048%2C1251&amp;ssl=1 2048w, https:\/\/i0.wp.com\/ascendemployment.com\/wp-content\/uploads\/MicrosoftTeams-image4-scaled.jpg?w=2400 2400w\" sizes=\"auto, (max-width: 1024px) 100vw, 1024px\" \/><\/figure><\/div>\n\n<\/div>\n\n\n\n<div style=\"height:124px\" aria-hidden=\"true\" id=\"etapes-rejoindre\" class=\"wp-block-spacer\"><\/div>\n\n\n<div class=\"wp-bootstrap-blocks-container container mb-2 no-margin\">\n\t\n\n<h2 class=\"wp-block-heading has-text-align-center has-text-color\" style=\"color:#0b1841\">4 \u00e9tapes simples pour rejoindre ASCEND<\/h2>\n\n\n\n<div style=\"height:41px\" aria-hidden=\"true\" class=\"wp-block-spacer\"><\/div>\n\n\n\n<div class=\"wp-block-columns are-vertically-aligned-top is-layout-flex wp-container-core-columns-is-layout-3 wp-block-columns-is-layout-flex\">\n<div class=\"wp-block-column is-vertically-aligned-top is-layout-flow wp-block-column-is-layout-flow\"><div class=\"wp-bootstrap-blocks-container container mb-2 bg-blue\">\n\t\n\n<p class=\"has-text-align-center\">\u00c9tape 1<\/p>\n\n\n\n<h2 class=\"wp-block-heading has-text-align-center height has-medium-font-size\">Partenariat<\/h2>\n\n\n<div class=\"wp-block-image\">\n<figure class=\"aligncenter size-large is-resized\"><img data-recalc-dims=\"1\" loading=\"lazy\" decoding=\"async\" width=\"50\" height=\"50\" src=\"https:\/\/i0.wp.com\/ascendemployment.com\/wp-content\/uploads\/icons8-handshake-50.png?resize=50%2C50&#038;ssl=1\" alt=\"\" class=\"wp-image-36229\" style=\"width:64px;height:64px\"\/><\/figure><\/div>\n\n\r\n\r\n\r\n    \r\n        <div class=\"accordion\">\r\n\r\n            \r\n                <div class=\"accordion-item\">\r\n                    <h3>\r\n                                            <\/h3>\r\n\r\n                    <div class=\"content\">\r\n                        <p>\r\n                            <ol style=\"padding-left: 1.1rem;\">\n<li style=\"text-align: left;\">Le partenaire accepte l&#8217;accord de partenariat ASCEND, reconnaissant ainsi notre collaboration.<\/li>\n<li style=\"text-align: left;\">Le partenaire choisit le mat\u00e9riel de marketing n\u00e9cessaire \u00e0 la promotion du programme.<\/li>\n<li style=\"text-align: left;\">L&#8217;\u00e9quipe ASCEND cr\u00e9e et partage le kit marketing personnalis\u00e9 avec les partenaires.<\/li>\n<\/ol>\n                        <\/p>\r\n                    <\/div>\r\n                <\/div>\r\n\r\n            \r\n        <\/div>\r\n\r\n    \r\n\r\n\r\n    \r\n    \r\n\n<\/div>\n<\/div>\n\n\n\n<div class=\"wp-block-column is-vertically-aligned-top is-layout-flow wp-block-column-is-layout-flow\"><div class=\"wp-bootstrap-blocks-container container-fluid mb-2 bg-blue\">\n\t\n\n<p class=\"has-text-align-center\">\u00c9tape 2<\/p>\n\n\n\n<h2 class=\"wp-block-heading has-text-align-center height has-medium-font-size\">Int\u00e9gration et communication<\/h2>\n\n\n<div class=\"wp-block-image\">\n<figure class=\"aligncenter size-large is-resized\"><img data-recalc-dims=\"1\" loading=\"lazy\" decoding=\"async\" width=\"64\" height=\"64\" src=\"https:\/\/i0.wp.com\/ascendemployment.com\/wp-content\/uploads\/icons8-promotion-64.png?resize=64%2C64&#038;ssl=1\" alt=\"\" class=\"wp-image-36221\" style=\"width:64px;height:64px\"\/><\/figure><\/div>\n\n\r\n\r\n\r\n    \r\n        <div class=\"accordion\">\r\n\r\n            \r\n                <div class=\"accordion-item\">\r\n                    <h3>\r\n                                            <\/h3>\r\n\r\n                    <div class=\"content\">\r\n                        <p>\r\n                            <ol style=\"padding-left: 1.1rem;\">\n<li>Le partenaire utilise le kit marketing pour promouvoir ASCEND aupr\u00e8s des participants potentiels.<\/li>\n<li>Le partenaire s\u00e9lectionne la premi\u00e8re date de d\u00e9but de cohorte ASCEND de son choix<\/li>\n<li>Le partenaire envoie \u00e0 l&#8217;\u00e9quipe ASCEND une liste de participants int\u00e9ress\u00e9s et \u00e9ligibles.<\/li>\n<\/ol>\n                        <\/p>\r\n                    <\/div>\r\n                <\/div>\r\n\r\n            \r\n        <\/div>\r\n\r\n    \r\n\r\n\n<\/div>\n<\/div>\n\n\n\n<div class=\"wp-block-column is-vertically-aligned-top is-layout-flow wp-block-column-is-layout-flow\"><div class=\"wp-bootstrap-blocks-container container-fluid mb-2 bg-blue\">\n\t\n\n<p class=\"has-text-align-center\">\u00c9tape 3<\/p>\n\n\n\n<h2 class=\"wp-block-heading has-text-align-center height has-medium-font-size\">D\u00e9but  <br>de l&#8217;acc\u00e8s \u00e0 ASCEND <br>       <\/h2>\n\n\n<div class=\"wp-block-image\">\n<figure class=\"aligncenter size-large is-resized\"><img data-recalc-dims=\"1\" loading=\"lazy\" decoding=\"async\" width=\"64\" height=\"64\" src=\"https:\/\/i0.wp.com\/ascendemployment.com\/wp-content\/uploads\/icons8-circled-play-64.png?resize=64%2C64&#038;ssl=1\" alt=\"\" class=\"wp-image-36236\" style=\"width:64px;height:64px\"\/><\/figure><\/div>\n\n\r\n\r\n\r\n    \r\n        <div class=\"accordion\">\r\n\r\n            \r\n                <div class=\"accordion-item\">\r\n                    <h3>\r\n                                            <\/h3>\r\n\r\n                    <div class=\"content\">\r\n                        <p>\r\n                            <p class=\"opener\">\u00c0 la date de d\u00e9but, l&#8217;\u00e9quipe ASCEND envoie aux participants un &#8220;courriel de bienvenue&#8221; et les d\u00e9tails de l&#8217;inscription (les participants ont 7 jours pour s&#8217;inscrire).<\/p>\n                        <\/p>\r\n                    <\/div>\r\n                <\/div>\r\n\r\n            \r\n        <\/div>\r\n\r\n    \r\n\r\n\n<\/div>\n<\/div>\n\n\n\n<div class=\"wp-block-column is-vertically-aligned-top is-layout-flow wp-block-column-is-layout-flow\"><div class=\"wp-bootstrap-blocks-container container-fluid mb-2 bg-blue\">\n\t\n\n<p class=\"has-text-align-center\">\u00c9tape 4<\/p>\n\n\n\n<h2 class=\"wp-block-heading has-text-align-center height has-medium-font-size\">Suivi<br>                  <\/h2>\n\n\n<div class=\"wp-block-image\">\n<figure class=\"aligncenter size-large\"><img data-recalc-dims=\"1\" loading=\"lazy\" decoding=\"async\" width=\"64\" height=\"64\" src=\"https:\/\/i0.wp.com\/ascendemployment.com\/wp-content\/uploads\/icons8-checklist-64-1.png?resize=64%2C64&#038;ssl=1\" alt=\"\" class=\"wp-image-36227\"\/><\/figure><\/div>\n\n\r\n\r\n\r\n    \r\n        <div class=\"accordion\">\r\n\r\n            \r\n                <div class=\"accordion-item\">\r\n                    <h3>\r\n                                            <\/h3>\r\n\r\n                    <div class=\"content\">\r\n                        <p>\r\n                            <ol style=\"padding-left: 1.1rem;\">\n<li>Chaque semaine, le partenaire re\u00e7oit un rapport sur les progr\u00e8s r\u00e9alis\u00e9s par le participant.<\/li>\n<li>L&#8217;\u00e9quipe ASCEND envoie aux participants un &#8220;courriel d&#8217;encouragement&#8221; hebdomadaire pour les encourager \u00e0 poursuivre leur engagement et \u00e0 terminer le programme ASCEND.<\/li>\n<\/ol>\n                        <\/p>\r\n                    <\/div>\r\n                <\/div>\r\n\r\n            \r\n        <\/div>\r\n\r\n    \r\n\r\n\n<\/div>\n\n\n\n\n<\/div>\n<\/div>\n\n<\/div>\n\n\n\n<div style=\"height:84px\" aria-hidden=\"true\" class=\"wp-block-spacer\"><\/div>\n\n\n\r\n\r\n\r\n    \r\n        <div class=\"faq-wrap\" itemscope itemtype=\"https:\/\/schema.org\/FAQPage\">\r\n\r\n            <div class=\"container\">\r\n\r\n                \r\n                    <div class=\"top-content smpadding\">\r\n                        <h2 id=\"partner-faq\">Avez-vous des questions? Ne cherchez pas plus loin!<\/h2>\n                    <\/div>\r\n\r\n                \r\n                <div class=\"accordion row\">\r\n\r\n                    \r\n                        <div class=\"col-12 col-md-6\">\r\n\r\n                            <div class=\"accordion-item\" itemscope itemprop=\"mainEntity\" itemtype=\"https:\/\/schema.org\/Question\">\r\n                                <h3 itemprop=\"name\">Les participants non \u00e9ligibles peuvent-ils acc\u00e9der \u00e0 ASCEND?<\/h3>\r\n\r\n                                <div class=\"content\" itemscope itemprop=\"acceptedAnswer\" itemtype=\"https:\/\/schema.org\/Answer\">\r\n                                    <span itemprop=\"text\">\r\n                                        <p class=\"opener\">Les participants qui ne remplissent pas les <a style=\"color: darkblue;\" href=\"https:\/\/ascendemployment.com\/fr\/les-participants\/#conditions-d-eligibilite\">conditions d&#8217;\u00e9ligibilit\u00e9<\/a> <em>peuvent<\/em> acc\u00e9der \u00e0 ASCEND, \u00e0 titre payant Les travailleurs \u00e9trangers temporaires, les citoyens canadiens, les \u00e9tudiants \u00e9trangers, etc. sont des exemples de participants non \u00e9ligibles qui acc\u00e8dent au programme ASCEND moyennant le paiement de frais. Veuillez <a style=\"color: darkblue;\" href=\"#SDP-contact-us-FR\">nous contacter<\/a> pour plus de d\u00e9tails sur les co\u00fbts du programme pour les participants non \u00e9ligibles.<\/p>\n                                    <\/span>\r\n                                <\/div>\r\n                            <\/div>\r\n\r\n                        <\/div>\r\n\r\n                    \r\n                        <div class=\"col-12 col-md-6\">\r\n\r\n                            <div class=\"accordion-item\" itemscope itemprop=\"mainEntity\" itemtype=\"https:\/\/schema.org\/Question\">\r\n                                <h3 itemprop=\"name\">Puis-je acc\u00e9der au programme pour l&#8217;examiner avant de le recommander \u00e0 mes clients?<\/h3>\r\n\r\n                                <div class=\"content\" itemscope itemprop=\"acceptedAnswer\" itemtype=\"https:\/\/schema.org\/Answer\">\r\n                                    <span itemprop=\"text\">\r\n                                        <p class=\"opener\">Absolument. <a style=\"color: darkblue;\" href=\"#SDP-contact-us-FR\">Contactez-nous<\/a> en utilisant le formulaire ci-dessous et nous pourrons partager une d\u00e9monstration du programme en ligne.<\/p>\n                                    <\/span>\r\n                                <\/div>\r\n                            <\/div>\r\n\r\n                        <\/div>\r\n\r\n                    \r\n                        <div class=\"col-12 col-md-6\">\r\n\r\n                            <div class=\"accordion-item\" itemscope itemprop=\"mainEntity\" itemtype=\"https:\/\/schema.org\/Question\">\r\n                                <h3 itemprop=\"name\">Comment puis-je suivre les progr\u00e8s du participant qui m&#8217;a \u00e9t\u00e9 recommand\u00e9 dans le cadre du programme ASCEND?<\/h3>\r\n\r\n                                <div class=\"content\" itemscope itemprop=\"acceptedAnswer\" itemtype=\"https:\/\/schema.org\/Answer\">\r\n                                    <span itemprop=\"text\">\r\n                                        <p dir=\"auto\" class=\"opener\">Une fois par semaine, vous recevrez un rapport sur les progr\u00e8s de votre participant.<\/p>\n<p><span data-contrast=\"none\">Le rapport vous indiquera: <\/span><span data-ccp-props=\"{&quot;201341983&quot;:0,&quot;335559739&quot;:160,&quot;335559740&quot;:259}\">\u00a0<\/span><\/p>\n<ul>\n<li><span data-contrast=\"none\">Les participants qui se sont inscrits au programme ASCEND en ligne; <\/span><span data-ccp-props=\"{&quot;201341983&quot;:0,&quot;335559739&quot;:0,&quot;335559740&quot;:240}\">\u00a0<\/span><\/li>\n<li><span data-contrast=\"none\">Le nombre total de cours que les participants ont commenc\u00e9 et termin\u00e9;\u00a0 <\/span><span data-ccp-props=\"{&quot;201341983&quot;:0,&quot;335559739&quot;:0,&quot;335559740&quot;:240}\"><br \/>\n<\/span><\/li>\n<li><span data-contrast=\"none\">Le temps total qu\u2019ils ont consacr\u00e9 au programme en ligne (minutes) <\/span><span data-ccp-props=\"{&quot;201341983&quot;:0,&quot;335559739&quot;:0,&quot;335559740&quot;:240}\">;<\/span><\/li>\n<li><span data-contrast=\"none\">La premi\u00e8re et la derni\u00e8re fois qu\u2019ils se sont connect\u00e9s au programme<\/span><span data-ccp-props=\"{&quot;201341983&quot;:0,&quot;335559739&quot;:0,&quot;335559740&quot;:240}\">.<\/span><\/li>\n<\/ul>\n                                    <\/span>\r\n                                <\/div>\r\n                            <\/div>\r\n\r\n                        <\/div>\r\n\r\n                    \r\n                        <div class=\"col-12 col-md-6\">\r\n\r\n                            <div class=\"accordion-item\" itemscope itemprop=\"mainEntity\" itemtype=\"https:\/\/schema.org\/Question\">\r\n                                <h3 itemprop=\"name\">Quelle est la dur\u00e9e d\u2019acc\u00e8s des participants aux modules en ligne ASCEND?\u202f <\/h3>\r\n\r\n                                <div class=\"content\" itemscope itemprop=\"acceptedAnswer\" itemtype=\"https:\/\/schema.org\/Answer\">\r\n                                    <span itemprop=\"text\">\r\n                                        <p class=\"opener\"><span data-contrast=\"none\">La p\u00e9riode d\u2019acc\u00e8s en ligne est de 7 semaines.\u00a0<\/span><span data-ccp-props=\"{&quot;201341983&quot;:0,&quot;335559739&quot;:160,&quot;335559740&quot;:259}\">\u00a0<\/span><\/p>\n<p><span data-contrast=\"none\">Chaque fois que les participants se connectent en ligne \u00e0 leur tableau de bord ASCEND, ils verront le temps d\u2019acc\u00e8s restant disponible. Les participants re\u00e7oivent \u00e9galement des \u00ab\u202femails d\u2019encouragement\u202f\u00bb pour les inciter \u00e0 suivre un module par semaine.\u00a0\u00a0<\/span><span data-ccp-props=\"{&quot;201341983&quot;:0,&quot;335559739&quot;:160,&quot;335559740&quot;:259}\">\u00a0<\/span><\/p>\n                                    <\/span>\r\n                                <\/div>\r\n                            <\/div>\r\n\r\n                        <\/div>\r\n\r\n                    \r\n                        <div class=\"col-12 col-md-6\">\r\n\r\n                            <div class=\"accordion-item\" itemscope itemprop=\"mainEntity\" itemtype=\"https:\/\/schema.org\/Question\">\r\n                                <h3 itemprop=\"name\">Quelle devrait \u00eatre la taille d&#8217;une cohorte ASCEND?<\/h3>\r\n\r\n                                <div class=\"content\" itemscope itemprop=\"acceptedAnswer\" itemtype=\"https:\/\/schema.org\/Answer\">\r\n                                    <span itemprop=\"text\">\r\n                                        <p class=\"opener\">ASCEND est id\u00e9alement g\u00e9r\u00e9 sur la base d&#8217;une cohorte. Le programme en ligne comporte un aspect social: les participants int\u00e9ress\u00e9s ont la possibilit\u00e9 de partager en ligne leurs ant\u00e9c\u00e9dents professionnels et leurs exp\u00e9riences. Plus il y a de participants dans une cohorte, plus on rit! Nous avons organis\u00e9 des cohortes de 2 \u00e0 150 participants. Veuillez nous communiquer \u00e0 l&#8217;avance le nombre estim\u00e9 de participants afin que nous puissions vous satisfaire.<\/p>\n                                    <\/span>\r\n                                <\/div>\r\n                            <\/div>\r\n\r\n                        <\/div>\r\n\r\n                    \r\n                <\/div>\r\n\r\n            <\/div>\r\n\r\n        <\/div>\r\n\r\n    \r\n\r\n\n\n<div class=\"wp-bootstrap-blocks-container container mb-2\">\n\t\n\n<div style=\"height:100px\" aria-hidden=\"true\" id=\"SDP-contact-us-FR\" class=\"wp-block-spacer\"><\/div>\n\n\n\n<h2 class=\"wp-block-heading\">Vous souhaitez proposer ASCEND \u00e0 vos clients?  <\/h2>\n\n\n\n<h2 class=\"wp-block-heading\">Contactez-nous pour commencer! <a href=\"mailto:ascend@iecbc.ca\" target=\"_blank\" rel=\"noreferrer noopener\">ascend@iecbc.ca<\/a><\/h2>\n\n\n\n\n\n\n\n<\/div>\n\n\n\n<button onclick=\"topFunction()\" id=\"myBtn\" title=\"Haut de page\"><img data-recalc-dims=\"1\" decoding=\"async\" src=\"https:\/\/i0.wp.com\/ascendemployment.com\/wp-content\/uploads\/icons8-left-50.png?w=1200\" alt=\"Bouton de retour en haut de page\"\/><\/button>\n<script>\n\/\/ Get the button\nlet mybutton = document.getElementById(\"myBtn\");\n\n\/\/ When the user scrolls down 20px from the top of the document, show the button\nwindow.onscroll = function() {scrollFunction()};\n\nfunction scrollFunction() {\n  if (document.body.scrollTop > 20 || document.documentElement.scrollTop > 20) {\n    mybutton.style.display = \"block\";\n  } else {\n    mybutton.style.display = \"none\";\n  }\n}\n\n\/\/ When the user clicks on the button, scroll to the top of the document\nfunction topFunction() {\n  document.body.scrollTop = 0;\n  document.documentElement.scrollTop = 0;\n}\n<\/script>\n","protected":false},"excerpt":{"rendered":"<p>Vid\u00e9o D\u00e9monstration d\u2019ASCEND pour les partenaires Partenaires ASCEND (carte) Bulletin trimestriel des partenaires L&#8217;\u00e9quipe ASCEND fournit aux partenaires des outils d&#8217;int\u00e9gration personnalis\u00e9s et les contenus du programme pour vous permettre, \u00e0 vous et \u00e0 vos clients, de participer \u00e0 ASCEND rapidement et facilement. Nous r\u00e9duisons la charge qui p\u00e8se sur les ressources de nos partenaires&hellip;<\/p>\n","protected":false},"author":80,"featured_media":37533,"parent":0,"menu_order":0,"comment_status":"closed","ping_status":"closed","template":"","meta":{"_acf_changed":false,"footnotes":""},"class_list":["post-37966","page","type-page","status-publish","has-post-thumbnail","hentry"],"acf":[],"_links":{"self":[{"href":"https:\/\/ascendemployment.com\/fr\/wp-json\/wp\/v2\/pages\/37966","targetHints":{"allow":["GET"]}}],"collection":[{"href":"https:\/\/ascendemployment.com\/fr\/wp-json\/wp\/v2\/pages"}],"about":[{"href":"https:\/\/ascendemployment.com\/fr\/wp-json\/wp\/v2\/types\/page"}],"author":[{"embeddable":true,"href":"https:\/\/ascendemployment.com\/fr\/wp-json\/wp\/v2\/users\/80"}],"replies":[{"embeddable":true,"href":"https:\/\/ascendemployment.com\/fr\/wp-json\/wp\/v2\/comments?post=37966"}],"version-history":[{"count":58,"href":"https:\/\/ascendemployment.com\/fr\/wp-json\/wp\/v2\/pages\/37966\/revisions"}],"predecessor-version":[{"id":39570,"href":"https:\/\/ascendemployment.com\/fr\/wp-json\/wp\/v2\/pages\/37966\/revisions\/39570"}],"wp:featuredmedia":[{"embeddable":true,"href":"https:\/\/ascendemployment.com\/fr\/wp-json\/wp\/v2\/media\/37533"}],"wp:attachment":[{"href":"https:\/\/ascendemployment.com\/fr\/wp-json\/wp\/v2\/media?parent=37966"}],"curies":[{"name":"wp","href":"https:\/\/api.w.org\/{rel}","templated":true}]}}