{"id":37930,"date":"2019-10-30T14:20:10","date_gmt":"2019-10-30T21:20:10","guid":{"rendered":"https:\/\/ascendemployment.com\/politique-de-confidentialite\/"},"modified":"2023-09-20T15:25:17","modified_gmt":"2023-09-20T22:25:17","slug":"politique-de-confidentialite","status":"publish","type":"page","link":"https:\/\/ascendemployment.com\/fr\/politique-de-confidentialite\/","title":{"rendered":"Politique de confidentialit\u00e9"},"content":{"rendered":"\n<p class=\"opener\">Nous accordons une grande importance \u00e0 la protection de votre vie priv\u00e9e. La politique de IEC-BC ASCENDest de respecter votre vie priv\u00e9e en ce qui concerne les informations que nous pouvons recueillir aupr\u00e8s de vous sur notre site web, <a href=\"https:\/\/ascendemployment.com\">https:\/\/ascendemployment.com<\/a>, et sur d&#8217;autres sites que nous poss\u00e9dons et exploitons.<\/p>\n\n<h3 class=\"wp-block-heading\">1. Les informations que nous collectons<\/h3>\n\n<h4 class=\"wp-block-heading\">Donn\u00e9es du journal<\/h4>\n\n<p>Lorsque vous visitez notre site web, nos serveurs peuvent automatiquement enregistrer les donn\u00e9es suivantes  \nles donn\u00e9es standard fournies par votre navigateur web. Il peut s&#8217;agir de votre  \nadresse IP (Internet Protocol) de l&#8217;ordinateur, votre type et version de navigateur \nles pages que vous visitez, l&#8217;heure et la date de votre visite, le temps pass\u00e9 \nsur chaque page, ainsi que d&#8217;autres d\u00e9tails.<\/p>\n\n<h4 class=\"wp-block-heading\">Donn\u00e9es de l&#8217;appareil<\/h4>\n\n<p>Nous pouvons \u00e9galement collecter des donn\u00e9es sur l&#8217;appareil que vous utilisez pour acc\u00e9der \u00e0 \nnotre site web. Ces donn\u00e9es peuvent inclure le type d&#8217;appareil, le syst\u00e8me d&#8217;exploitation, le num\u00e9ro unique d&#8217;identification de l&#8217;appareil,\n  les identifiants de l&#8217;appareil, les param\u00e8tres de l&#8217;appareil et les donn\u00e9es de g\u00e9olocalisation. Ce que nous  \ncollectons peut d\u00e9pendre des r\u00e9glages individuels de votre appareil et de votre \nlogiciel. Nous vous recommandons de v\u00e9rifier les politiques du fabricant de votre appareil\n ou le fournisseur de logiciels pour savoir quelles informations ils mettent \u00e0 notre \ndisposition.<\/p>\n\n<h4 class=\"wp-block-heading\">Informations personnelles<\/h4>\n\n<p>Nous pouvons vous demander des informations personnelles, telles que votre :<\/p>\n\n<ul class=\"wp-block-list\"><li>Nom<\/li><li>Courriel<\/li><li>Profils des r\u00e9seaux sociaux<\/li><li>Date de naissance<\/li><li>T\u00e9l\u00e9phone\/num\u00e9ro de portable<\/li><li>Adresse personnelle\/adresse postale<\/li><li>Adresse professionnelle<\/li><li>Adresse du site web<\/li><li>Informations sur le paiement<\/li><\/ul>\n\n<h3 class=\"wp-block-heading\">2. Bases juridiques du traitement<\/h3>\n\n<p>Nous traiterons vos informations personnelles de mani\u00e8re l\u00e9gale, \u00e9quitable et \nde mani\u00e8re transparente. Nous recueillons et traitons les informations vous concernant uniquement  \nlorsque nous disposons de bases l\u00e9gales pour le faire.<\/p>\n\n<p>Ces bases juridiques d\u00e9pendent des services que vous utilisez et de la mani\u00e8re dont vous les utilisez, ce qui signifie que nous ne recueillons et n&#8217;utilisons vos informations que dans les cas suivants :<\/p>\n\n<ul class=\"wp-block-list\"><li>il est n\u00e9cessaire \u00e0 l&#8217;ex\u00e9cution d&#8217;un contrat auquel vous \u00eates partie  \nprenante ou de prendre des mesures \u00e0 votre demande avant de conclure un tel \ncontrat (par exemple, lorsque nous fournissons un service que vous nous demandez) ;<\/li><li>il r\u00e9pond \u00e0 un int\u00e9r\u00eat l\u00e9gitime (qui n&#8217;est pas supplant\u00e9 par vos \nint\u00e9r\u00eats en mati\u00e8re de protection des donn\u00e9es), par exemple pour la recherche et le d\u00e9veloppement, pour \ncommercialiser et promouvoir nos services, et prot\u00e9ger nos droits l\u00e9gaux et \nnos int\u00e9r\u00eats ;<\/li><li>vous nous donnez votre accord pour le faire dans un but sp\u00e9cifique (par exemple, vous pouvez consentir \u00e0 ce que nous vous envoyions notre lettre d&#8217;information) ; ou<\/li><li>nous devons traiter vos donn\u00e9es pour nous conformer \u00e0 une obligation l\u00e9gale.<\/li><\/ul>\n\n<p>Lorsque vous consentez \u00e0 ce que nous utilisions des informations vous concernant pour une raison sp\u00e9cifique, nous vous demandons de nous en informer.  \nvous avez le droit de changer d&#8217;avis \u00e0 tout moment (mais cela \nn&#8217;affectera pas les traitements d\u00e9j\u00e0 effectu\u00e9s).<\/p>\n\n<p>Nous ne conservons pas les informations personnelles plus longtemps que n\u00e9cessaire.  \nLorsque nous conservons ces informations, nous les prot\u00e9geons dans des moyens commercialement\n acceptables pour pr\u00e9venir la perte et le vol, ainsi que l&#8217;acc\u00e8s non autoris\u00e9, \nla divulgation, la copie, l&#8217;utilisation ou la modification. Cela dit, nous conseillons  \nqu&#8217;aucune m\u00e9thode de transmission ou de stockage \u00e9lectronique n&#8217;est s\u00fbre \u00e0 100 % et  \nne peut pas garantir une s\u00e9curit\u00e9 absolue des donn\u00e9es. Si n\u00e9cessaire, nous pouvons conserver  \nvos informations personnelles pour nous conformer \u00e0 une obligation l\u00e9gale ou  \nafin de prot\u00e9ger vos int\u00e9r\u00eats vitaux ou les int\u00e9r\u00eats vitaux d&#8217; \nune autre personne physique.<\/p>\n\n<h3 class=\"wp-block-heading\">3. Collecte et utilisation des informations<\/h3>\n\n<p>Nous pouvons collecter, conserver, utiliser et divulguer des informations pour les raisons suivantes  \net les informations \u00e0 caract\u00e8re personnel ne seront pas trait\u00e9es ult\u00e9rieurement dans une  \nd&#8217;une mani\u00e8re incompatible avec ces objectifs :<\/p>\n\n<ul class=\"wp-block-list\"><li>pour traiter les paiements transactionnels ou continus ;<\/li><li>pour vous fournir des produits et\/ou des services ;<\/li><li>pour vous permettre d&#8217;acc\u00e9der et d&#8217;utiliser notre site web, les applications associ\u00e9es et les plateformes de r\u00e9seaux sociaux associ\u00e9es ;<\/li><li>pour vous contacter et communiquer avec vous ;<\/li><li>\u00e0 des fins administratives et de tenue de registres internes ;<\/li><li>pour l&#8217;analyse, l&#8217;\u00e9tude de march\u00e9 et le d\u00e9veloppement commercial, y compris  \npour exploiter et am\u00e9liorer notre site web, les applications associ\u00e9es et les services d&#8217;information et \nles plateformes de m\u00e9dias sociaux associ\u00e9es ;<\/li><li>\u00e0 des fins de publicit\u00e9 et de marketing, notamment pour vous envoyer des informations promotionnelles.  \ndes informations sur nos produits et services et des informations sur des parties \ntierces que nous consid\u00e9rons comme susceptibles de vous int\u00e9resser ; et<\/li><li>pour nous conformer \u00e0 nos obligations l\u00e9gales et r\u00e9soudre les litiges que nous pourrions avoir.<\/li><\/ul>\n\n<h3 class=\"wp-block-heading\">4. Divulgation d&#8217;informations personnelles \u00e0 des tiers<\/h3>\n\n<p>Nous pouvons divulguer des informations personnelles \u00e0<\/p>\n\n<ul class=\"wp-block-list\"><li>les prestataires de services tiers afin de leur permettre de  \nfournir leurs services, y compris (sans limitation) les services informatiques  \nles fournisseurs de stockage de donn\u00e9es, les fournisseurs d&#8217;h\u00e9bergement et de serveurs, les r\u00e9seaux publicitaires,  \nles analystes, les enregistreurs d&#8217;erreurs, les collecteurs de dettes, les services \nde maintenance ou de r\u00e9solution de probl\u00e8mes, des services de marketing ou de publicit\u00e9, \nles conseillers professionnels et les op\u00e9rateurs de syst\u00e8mes de paiement ;<\/li><li>nos employ\u00e9s, contractants et\/ou entit\u00e9s apparent\u00e9es ;<\/li><li>les sponsors ou promoteurs de tout concours que nous organisons ;<\/li><li>les agences d&#8217;\u00e9valuation du cr\u00e9dit, les cours, les tribunaux et les organismes de r\u00e9glementation.  \nles autorit\u00e9s, si vous ne payez pas les biens ou les services que nous \nvous avons fournis ;<\/li><li>des tiers, y compris des agents ou des sous-traitants, qui nous aident \u00e0\n  vous fournir des informations, des produits, des services ou des services de marketing direct ;  \net<\/li><li>des tiers pour collecter et traiter les donn\u00e9es.<\/li><\/ul>\n\n<h3 class=\"wp-block-heading\">5. Transferts internationaux d&#8217;informations \u00e0 caract\u00e8re personnel<\/h3>\n\n<p>Les informations personnelles que nous recueillons sont stock\u00e9es et trait\u00e9es dans les pays suivants  \nCanada, ou l&#8217;emplacement o\u00f9 nous ou nos partenaires, soci\u00e9t\u00e9s affili\u00e9es et tiers \nentretiennent les installations. En nous fournissant vos donn\u00e9es personnelles  \nvous consentez \u00e0 ce que ces informations soient divulgu\u00e9es \u00e0 ces tiers \nd&#8217;outre-mer.<\/p>\n\n<p>Nous veillerons \u00e0 ce que tout transfert d&#8217;informations personnelles \u00e0 partir des \npays de l&#8217;Espace \u00e9conomique europ\u00e9en (EEE) vers les pays hors de l&#8217;EEE \nsera prot\u00e9g\u00e9 par des garanties appropri\u00e9es, par exemple par l&#8217;utilisation de \ndes clauses types de protection des donn\u00e9es approuv\u00e9es par la Commission europ\u00e9enne, ou\n  l&#8217;utilisation de r\u00e8gles d&#8217;entreprise contraignantes ou d&#8217;autres moyens l\u00e9galement accept\u00e9s.<\/p>\n\n<p>Lorsque nous transf\u00e9rons des informations personnelles d&#8217;un pays n&#8217;appartenant pas \u00e0 l&#8217;EEE vers  \nun autre pays, vous reconnaissez que des tiers \nsitu\u00e9s dans d&#8217;autres juridictions ne soient pas soumis \u00e0 des lois sur la protection des donn\u00e9es similaires \u00e0 \ndans notre juridiction. Il existe des risques si une telle tierce partie  \ns&#8217;engage dans un acte ou une pratique qui contreviendrait aux lois de la protection de la vie priv\u00e9e. \nde notre juridiction et cela pourrait signifier que vous ne serez pas en mesure d&#8217;obtenir des informations sur le march\u00e9. \nde demander r\u00e9paration en vertu des lois sur la protection de la vie priv\u00e9e de notre juridiction.<\/p>\n\n<h3 class=\"wp-block-heading\">6. Vos droits et le contr\u00f4le de vos donn\u00e9es personnelles<\/h3>\n\n<p><strong>Choix et consentement :<\/strong> En fournissant des donn\u00e9es personnelles  \nvous consentez \u00e0 ce que nous recueillions, conservions, utilisions et mettions \u00e0 jour les informations que vous nous communiquez.  \nla divulgation de vos informations personnelles conform\u00e9ment \u00e0 la pr\u00e9sente politique de protection de la vie priv\u00e9e  \npriv\u00e9e. Si vous avez moins de 16 ans, vous devez poss\u00e9der et garantir  \ndans la mesure o\u00f9 la loi nous l&#8217;autorise, que vous avez l&#8217;autorisation de votre parent ou votre repr\u00e9sentant l\u00e9gal. \nd&#8217;acc\u00e9der et d&#8217;utiliser le site web et ils (votre \nparents ou tuteur) ont consenti \u00e0 ce que vous nous fournissiez votre  \ndes informations personnelles. Vous ne devez pas fournir nous d&#8217;informations personnelles\n toutefois, si vous ne le faites pas, cela peut affecter votre utilisation de ce site web ou votre utilisation des services de l&#8217;entreprise. \nles produits et\/ou services offerts sur ou par son interm\u00e9diaire.<\/p>\n\n<p><strong>Informations provenant de tiers :<\/strong> Si nous recevons  \ndes informations personnelles vous concernant de la part d&#8217;un tiers, nous les prot\u00e9gerons de la mani\u00e8re suivante\n  \u00e9nonc\u00e9es dans la pr\u00e9sente politique de confidentialit\u00e9. Si vous \u00eates un tiers qui fournit  \ndes informations personnelles concernant quelqu&#8217;un d&#8217;autre, vous d\u00e9clarez et garantissez que\n vous avez le consentement de cette personne pour nous fournir les informations \u00e0 caract\u00e8re \npersonnel.<\/p>\n\n<p><strong>Restreindre :<\/strong> Vous pouvez choisir de restreindre la collecte  \nou l&#8217;utilisation de vos informations personnelles. Si vous avez d\u00e9j\u00e0 donn\u00e9 votre accord\n  en utilisant vos informations personnelles \u00e0 des fins de marketing direct, vous pouvez  \nchanger d&#8217;avis \u00e0 tout moment en nous contactant aux coordonn\u00e9es ci-dessous.  \nSi vous nous demandez de restreindre ou de limiter la mani\u00e8re dont nous traitons vos donn\u00e9es \u00e0 caract\u00e8re personnel  \nnous vous informerons de la mani\u00e8re dont la restriction affecte l&#8217;utilisation \nde notre site web ou de nos produits et services.<\/p>\n\n<p><strong>Acc\u00e8s et portabilit\u00e9 des donn\u00e9es :<\/strong> Vous pouvez demander des d\u00e9tails\n sur les informations personnelles que nous d\u00e9tenons \u00e0 votre sujet. Vous pouvez demander une  \nune copie des informations personnelles que nous d\u00e9tenons \u00e0 votre sujet. Dans la mesure du possible, nous  \nfournirons ces informations au format CSV ou dans un autre format facilement \nlisible. Vous pouvez nous demander d&#8217;effacer les informations personnelles \nque nous d\u00e9tenons sur vous \u00e0 tout moment. Vous pouvez \u00e9galement nous demander de transf\u00e9rer  \nces informations personnelles \u00e0 un autre tiers.<\/p>\n\n<p><strong>Correction :<\/strong> Si vous pensez qu&#8217;une ou plusieurs informations que nous \nd\u00e9tenons \u00e0 votre sujet sont inexactes, p\u00e9rim\u00e9es, incompl\u00e8tes, non pertinentes ou \nmalencontreuse, veuillez nous contacter en utilisant les coordonn\u00e9es ci-dessous. Nous prendrons  \ndes mesures raisonnables pour corriger toute information jug\u00e9e inexacte,  \nincompl\u00e8tes, trompeuses ou p\u00e9rim\u00e9es.<\/p>\n\n<p><strong>Notification des violations de donn\u00e9es :<\/strong> Nous nous conformerons aux lois qui nous sont applicables en cas de violation des donn\u00e9es.<\/p>\n\n<p><strong>Plaintes :<\/strong> Si vous estimez que nous n&#8217;avons pas respect\u00e9 une  \nde la loi sur la protection des donn\u00e9es et que vous souhaitez d\u00e9poser une plainte, veuillez cliquer ici.  \ncontactez-nous en utilisant les coordonn\u00e9es ci-dessous et fournissez-nous des informations compl\u00e8tes sur  \nla violation all\u00e9gu\u00e9e. Nous examinerons rapidement votre plainte et  \nvous r\u00e9pondre, par \u00e9crit, en exposant les r\u00e9sultats de notre enqu\u00eate\n  et les mesures que nous prendrons pour traiter votre plainte. Vous avez \u00e9galement  \nle droit de contacter un organisme de r\u00e9glementation ou une autorit\u00e9 charg\u00e9e de la protection des donn\u00e9es dans les pays suivants  \nen rapport avec votre plainte.<\/p>\n\n<p><strong>Se d\u00e9sabonner :<\/strong> Pour se d\u00e9sinscrire de notre base de donn\u00e9es d&#8217;e-mails\n  ou se d\u00e9sinscrire des communications (y compris des communications marketing),  \nveuillez nous contacter en utilisant les coordonn\u00e9es ci-dessous ou en vous d\u00e9sinscrivant en utilisant le formulaire de d\u00e9sinscription \npr\u00e9vu dans la communication.<\/p>\n\n<h3 class=\"wp-block-heading\">7. Cookies<\/h3>\n\n<p>Nous utilisons des &#8220;cookies&#8221; pour collecter des informations sur vous et votre activit\u00e9.  \nsur notre site. Un cookie est un petit \u00e9l\u00e9ment d&#8217;information que notre site web  \nstocke sur votre ordinateur et y acc\u00e8de \u00e0 chaque fois que vous le visitez, afin que nous puissions  \ncomprendre comment vous utilisez notre site. Cela nous permet de vous proposer un contenu bas\u00e9 sur  \nsur les pr\u00e9f\u00e9rences que vous avez sp\u00e9cifi\u00e9es. Veuillez vous r\u00e9f\u00e9rer \u00e0 notre politique en mati\u00e8re de cookies pour\n  plus d&#8217;informations.<\/p>\n\n<h3 class=\"wp-block-heading\">8. Transferts d&#8217;entreprises<\/h3>\n\n<p>Si nous ou nos actifs sont acquis, ou dans l&#8217;\u00e9ventualit\u00e9 peu probable o\u00f9 nous dispara\u00eetrions ou en cas\n de faillite, nous inclurions les donn\u00e9es parmi \nles actifs transf\u00e9r\u00e9s \u00e0 toute partie qui nous acquiert. Vous reconnaissez que  \nque de tels transferts puissent avoir lieu, et que les parties qui nous acqui\u00e8rent puissent  \ncontinuer \u00e0 utiliser vos informations personnelles conform\u00e9ment \u00e0 la pr\u00e9sente politique.<\/p>\n\n<h3 class=\"wp-block-heading\">9. Limites de notre politique<\/h3>\n\n<p>Notre site web peut renvoyer \u00e0 des sites externes qui ne sont pas exploit\u00e9s par nous.  \nVeuillez noter que nous n&#8217;avons aucun contr\u00f4le sur le contenu et les politiques de\n ces sites, et ne pouvons accepter la responsabilit\u00e9 de leurs \npratiques respectives en mati\u00e8re de protection de la vie priv\u00e9e.<\/p>\n\n<h3 class=\"wp-block-heading\">10. Modifications de la pr\u00e9sente politique<\/h3>\n\n<p>\u00c0 notre discr\u00e9tion, nous pouvons modifier notre politique de confidentialit\u00e9 pour refl\u00e9ter  \nles pratiques actuelles acceptables. Nous prendrons des mesures raisonnables pour permettre aux utilisateurs\n d&#8217;\u00eatre inform\u00e9 des changements par le biais de notre site web. Votre utilisation continue de ce site  \napr\u00e8s toute modification de cette politique sera consid\u00e9r\u00e9e comme l&#8217;acceptation de nos \npratiques en mati\u00e8re de protection de la vie priv\u00e9e et des informations personnelles. <\/p>\n\n<p>Si nous apportons une modification importante \u00e0 la pr\u00e9sente politique de confidentialit\u00e9, par exemple  \nchanger la base l\u00e9gale sur laquelle nous traitons vos informations personnelles,  \nnous vous demanderons de consentir \u00e0 nouveau \u00e0 la politique de confidentialit\u00e9 modifi\u00e9e.<\/p>\n\n<p>Cette politique entre en vigueur le 1er janvier 2019.<\/p>\n","protected":false},"excerpt":{"rendered":"<p>Nous accordons une grande importance \u00e0 la protection de votre vie priv\u00e9e. La politique de est de respecter votre vie priv\u00e9e en ce qui concerne les informations que nous pouvons recueillir aupr\u00e8s de vous sur notre site web, , et sur d&#8217;autres sites que nous poss\u00e9dons et exploitons. Lorsque vous visitez notre site web, nos&hellip;<\/p>\n","protected":false},"author":80,"featured_media":0,"parent":0,"menu_order":0,"comment_status":"closed","ping_status":"closed","template":"page-container.php","meta":{"_acf_changed":false,"footnotes":""},"class_list":["post-37930","page","type-page","status-publish","hentry"],"acf":[],"_links":{"self":[{"href":"https:\/\/ascendemployment.com\/fr\/wp-json\/wp\/v2\/pages\/37930","targetHints":{"allow":["GET"]}}],"collection":[{"href":"https:\/\/ascendemployment.com\/fr\/wp-json\/wp\/v2\/pages"}],"about":[{"href":"https:\/\/ascendemployment.com\/fr\/wp-json\/wp\/v2\/types\/page"}],"author":[{"embeddable":true,"href":"https:\/\/ascendemployment.com\/fr\/wp-json\/wp\/v2\/users\/80"}],"replies":[{"embeddable":true,"href":"https:\/\/ascendemployment.com\/fr\/wp-json\/wp\/v2\/comments?post=37930"}],"version-history":[{"count":3,"href":"https:\/\/ascendemployment.com\/fr\/wp-json\/wp\/v2\/pages\/37930\/revisions"}],"predecessor-version":[{"id":38179,"href":"https:\/\/ascendemployment.com\/fr\/wp-json\/wp\/v2\/pages\/37930\/revisions\/38179"}],"wp:attachment":[{"href":"https:\/\/ascendemployment.com\/fr\/wp-json\/wp\/v2\/media?parent=37930"}],"curies":[{"name":"wp","href":"https:\/\/api.w.org\/{rel}","templated":true}]}}