{"id":37876,"date":"2020-07-09T11:05:59","date_gmt":"2020-07-09T18:05:59","guid":{"rendered":"https:\/\/ascendemployment.com\/les-ecoles\/"},"modified":"2026-02-11T12:48:28","modified_gmt":"2026-02-11T20:48:28","slug":"les-ecoles","status":"publish","type":"page","link":"https:\/\/ascendemployment.com\/fr\/les-ecoles\/","title":{"rendered":"\u00c9coles"},"content":{"rendered":"\n<nav class=\"level-2-menu\">\n    <ul>\n        <li>\n            <a href=\"https:\/\/ascendemployment.com\/fr\/partenaires-de-prestation-de-services\/#video-partenaires\">Vid\u00e9o: D\u00e9monstration d\u2019ASCEND pour les partenaires<\/a>\n        <\/li>\n        <li>\n            <a href=\"https:\/\/ascendemployment.com\/fr\/nous-contacter\/\">Partenaires ASCEND (carte)<\/a>\n        <\/li>\n        <li>\n            <a href=\"https:\/\/ascendemployment.com\/fr\/category\/actualites-fr\/\">Bulletin trimestriel des partenaires<\/a>\n        <\/li>\n    <\/ul>\n<\/nav>\n\n\n\r\n<div id=\"banner-half-image\" class=\"full-page break-out\" >\r\n\r\n    <div class=\"row\">\r\n\r\n        <div class=\"col-12 col-md-6 col-image\" style=\"background-image: url(https:\/\/i0.wp.com\/ascendemployment.com\/wp-content\/uploads\/students-studying-in-university-library-P9PQ8PE.jpg?fit=1024%2C683&#038;ssl=1);\"><\/div>\r\n\r\n        <div class=\"col-12 col-md-6 col-content\">\r\n            <div class=\"inner\">\r\n                <h1><span style=\"color: #3ebde9\">\u00c9coles, universit\u00e9s et facult\u00e9s<\/span><\/h1>\n<h5 dir=\"auto\">Ajouter de la valeur \u00e0 l&#8217;exp\u00e9rience des \u00e9tudiants en les pr\u00e9parant \u00e0 l&#8217;emploi au Canada.<\/h5>\n<p class=\"opener\" class=\"opener\">ASCEND a \u00e9t\u00e9 \u00e9labor\u00e9 en collaboration directe avec des chefs d&#8217;entreprise canadiens, de sorte que les \u00e9tudiants obtiennent leur dipl\u00f4me en sachant ce que les employeurs attendent d&#8217;eux et en poss\u00e9dant les comp\u00e9tences g\u00e9n\u00e9rales n\u00e9cessaires pour occuper l&#8217;emploi qu&#8217;ils ont choisi.<\/p>\n            <\/div>\r\n        <\/div>\r\n\r\n    <\/div>\r\n\r\n<\/div>\r\n\n\n<div class=\"wp-bootstrap-blocks-container container-fluid mb-0 bg-lightblue\">\n\t\n<div class=\"wp-bootstrap-blocks-container container mb-0 lgpadding\">\n\t\n\n<div style=\"height:100px\" aria-hidden=\"true\" class=\"wp-block-spacer\"><\/div>\n\n\n\n<h2 class=\"wp-block-heading has-text-align-center has-text-color\" style=\"color:#275367\">Les \u00e9tudiants se sentent soutenus et encourag\u00e9s<\/h2>\n\n\n\n<p class=\"has-text-align-center has-text-color\" style=\"color:#06222d\">La formation en ligne interactive et \u00e0 son propre rythme d&#8217;ASCEND permet aux \u00e9tudiants d&#8217;acqu\u00e9rir des comp\u00e9tences cl\u00e9s en mati\u00e8re de pr\u00e9paration \u00e0 l&#8217;emploi.  <\/p>\n\n\n\n<div style=\"height:23px\" aria-hidden=\"true\" class=\"wp-block-spacer\"><\/div>\n\n\n\n<h4 class=\"wp-block-heading has-text-align-center has-text-color\" style=\"color:#275367\">Les \u00e9l\u00e8ves seront capables de:  <\/h4>\n\n\n<div class=\"wp-bootstrap-blocks-row row icon-row\">\n\t\n\n<div class=\"col-12 col-md-4\">\n\t\t\t\n\n<figure class=\"wp-block-image size-large\"><img loading=\"lazy\" decoding=\"async\" width=\"512\" height=\"512\" src=\"http:\/\/ascendemployment.com\/wp-content\/uploads\/ascend-icon-showcase-value.svg\" alt=\"\" class=\"wp-image-15682\" srcset=\"https:\/\/ascendemployment.com\/wp-content\/uploads\/\/ascend-icon-showcase-value.svg 200w, https:\/\/ascendemployment.com\/wp-content\/uploads\/\/ascend-icon-showcase-value.svg 600w, https:\/\/ascendemployment.com\/wp-content\/uploads\/\/ascend-icon-showcase-value.svg 1024w, https:\/\/ascendemployment.com\/wp-content\/uploads\/\/ascend-icon-showcase-value.svg 1536w, https:\/\/ascendemployment.com\/wp-content\/uploads\/\/ascend-icon-showcase-value.svg 2048w, https:\/\/ascendemployment.com\/wp-content\/uploads\/\/ascend-icon-showcase-value.svg 512w\" sizes=\"auto, (max-width: 512px) 100vw, 512px\" \/><\/figure>\n\n\n\n<p>Mettre en valeur leurs comp\u00e9tences et leur exp\u00e9rience aupr\u00e8s des employeurs canadiens<\/p>\n\n\t<\/div>\n\n\n\n<div class=\"col-12 col-md-4\">\n\t\t\t\n\n<figure class=\"wp-block-image size-large\"><img loading=\"lazy\" decoding=\"async\" width=\"512\" height=\"512\" src=\"http:\/\/ascendemployment.com\/wp-content\/uploads\/ascend-icon-personal-branding.svg\" alt=\"\" class=\"wp-image-15680\" srcset=\"https:\/\/ascendemployment.com\/wp-content\/uploads\/\/ascend-icon-personal-branding.svg 200w, https:\/\/ascendemployment.com\/wp-content\/uploads\/\/ascend-icon-personal-branding.svg 600w, https:\/\/ascendemployment.com\/wp-content\/uploads\/\/ascend-icon-personal-branding.svg 1024w, https:\/\/ascendemployment.com\/wp-content\/uploads\/\/ascend-icon-personal-branding.svg 1536w, https:\/\/ascendemployment.com\/wp-content\/uploads\/\/ascend-icon-personal-branding.svg 2048w, https:\/\/ascendemployment.com\/wp-content\/uploads\/\/ascend-icon-personal-branding.svg 512w\" sizes=\"auto, (max-width: 512px) 100vw, 512px\" \/><\/figure>\n\n\n\n<p>Promouvoir leur nouvelle marque professionnelle personnelle et leur profil LinkedIn<\/p>\n\n\t<\/div>\n\n\n\n<div class=\"col-12 col-md-4\">\n\t\t\t\n\n<figure class=\"wp-block-image size-large\"><img loading=\"lazy\" decoding=\"async\" width=\"512\" height=\"512\" src=\"http:\/\/ascendemployment.com\/wp-content\/uploads\/ascend-icon-community-support.svg\" alt=\"\" class=\"wp-image-15672\" srcset=\"https:\/\/ascendemployment.com\/wp-content\/uploads\/\/ascend-icon-community-support.svg 200w, https:\/\/ascendemployment.com\/wp-content\/uploads\/\/ascend-icon-community-support.svg 600w, https:\/\/ascendemployment.com\/wp-content\/uploads\/\/ascend-icon-community-support.svg 1024w, https:\/\/ascendemployment.com\/wp-content\/uploads\/\/ascend-icon-community-support.svg 1536w, https:\/\/ascendemployment.com\/wp-content\/uploads\/\/ascend-icon-community-support.svg 2048w, https:\/\/ascendemployment.com\/wp-content\/uploads\/\/ascend-icon-community-support.svg 512w\" sizes=\"auto, (max-width: 512px) 100vw, 512px\" \/><\/figure>\n\n\n\n<p>B\u00e9n\u00e9ficier de leur propre communaut\u00e9 de soutien et de leur r\u00e9seau professionnel<\/p>\n\n\t<\/div>\n\n\n\n<div class=\"col-12 col-md-4\">\n\t\t\t\n\n<figure class=\"wp-block-image size-large\"><img loading=\"lazy\" decoding=\"async\" width=\"512\" height=\"512\" src=\"http:\/\/ascendemployment.com\/wp-content\/uploads\/ascend-icon-interviews-1.svg\" alt=\"\" class=\"wp-image-15675\" srcset=\"https:\/\/ascendemployment.com\/wp-content\/uploads\/\/ascend-icon-interviews-1.svg 200w, https:\/\/ascendemployment.com\/wp-content\/uploads\/\/ascend-icon-interviews-1.svg 600w, https:\/\/ascendemployment.com\/wp-content\/uploads\/\/ascend-icon-interviews-1.svg 1024w, https:\/\/ascendemployment.com\/wp-content\/uploads\/\/ascend-icon-interviews-1.svg 1536w, https:\/\/ascendemployment.com\/wp-content\/uploads\/\/ascend-icon-interviews-1.svg 2048w, https:\/\/ascendemployment.com\/wp-content\/uploads\/\/ascend-icon-interviews-1.svg 512w\" sizes=\"auto, (max-width: 512px) 100vw, 512px\" \/><\/figure>\n\n\n\n<p>Effectuer efficacement une recherche d&#8217;emploi et des entretiens<\/p>\n\n\t<\/div>\n\n\n\n<div class=\"col-12 col-md-4\">\n\t\t\t\n\n<figure class=\"wp-block-image size-large\"><img loading=\"lazy\" decoding=\"async\" width=\"512\" height=\"512\" src=\"http:\/\/ascendemployment.com\/wp-content\/uploads\/ascend-icon-onboarding-organization.svg\" alt=\"\" class=\"wp-image-15679\" srcset=\"https:\/\/ascendemployment.com\/wp-content\/uploads\/\/ascend-icon-onboarding-organization.svg 200w, https:\/\/ascendemployment.com\/wp-content\/uploads\/\/ascend-icon-onboarding-organization.svg 600w, https:\/\/ascendemployment.com\/wp-content\/uploads\/\/ascend-icon-onboarding-organization.svg 1024w, https:\/\/ascendemployment.com\/wp-content\/uploads\/\/ascend-icon-onboarding-organization.svg 1536w, https:\/\/ascendemployment.com\/wp-content\/uploads\/\/ascend-icon-onboarding-organization.svg 2048w, https:\/\/ascendemployment.com\/wp-content\/uploads\/\/ascend-icon-onboarding-organization.svg 512w\" sizes=\"auto, (max-width: 512px) 100vw, 512px\" \/><\/figure>\n\n\n\n<p>Naviguer dans les cultures d&#8217;int\u00e9gration, de communication et d&#8217;organisation de l&#8217;industrie choisie<\/p>\n\n\t<\/div>\n\n<\/div>\n\n\n\n<div style=\"height:100px\" aria-hidden=\"true\" class=\"wp-block-spacer\"><\/div>\n\n<\/div>\n\n<\/div>\n\n\n<div class=\"wp-bootstrap-blocks-row row no-pad video-row g-0\">\n\t\n\n<div class=\"col-12 col-md-12\">\n\t\t\t\n<div class=\"wp-bootstrap-blocks-row row nopadding\">\n\t\n\n<div class=\"col-12 col-sm-12 col-md-4 col-lg-4 col-xl-3\">\n\t\t\t\n\n<figure class=\"wp-block-image size-large no-after\"><img data-recalc-dims=\"1\" loading=\"lazy\" decoding=\"async\" width=\"819\" height=\"1024\" src=\"https:\/\/i0.wp.com\/ascendemployment.com\/wp-content\/uploads\/Bethany-headshot.jpg?resize=819%2C1024\" alt=\"\" class=\"wp-image-35039\" srcset=\"https:\/\/i0.wp.com\/ascendemployment.com\/wp-content\/uploads\/Bethany-headshot.jpg?resize=819%2C1024&amp;ssl=1 819w, https:\/\/i0.wp.com\/ascendemployment.com\/wp-content\/uploads\/Bethany-headshot.jpg?resize=480%2C600&amp;ssl=1 480w, https:\/\/i0.wp.com\/ascendemployment.com\/wp-content\/uploads\/Bethany-headshot.jpg?resize=768%2C960&amp;ssl=1 768w, https:\/\/i0.wp.com\/ascendemployment.com\/wp-content\/uploads\/Bethany-headshot.jpg?resize=1229%2C1536&amp;ssl=1 1229w, https:\/\/i0.wp.com\/ascendemployment.com\/wp-content\/uploads\/Bethany-headshot.jpg?w=1536&amp;ssl=1 1536w\" sizes=\"auto, (max-width: 819px) 100vw, 819px\" \/><\/figure>\n\n\n\n\n\n\t<\/div>\n\n\n\n<div class=\"col-12 col-sm-12 col-md-8 col-lg-8 col-xl-9\">\n\t\t\t\n\n<blockquote class=\"wp-block-quote is-layout-flow wp-block-quote-is-layout-flow\">\n<p>&#8220;ASCEND fait un travail fantastique en aidant les \u00e9tudiants internationaux de Northeastern \u00e0 acqu\u00e9rir les comp\u00e9tences essentielles dont ils ont besoin pour r\u00e9ussir sur le march\u00e9 du travail. Les \u00e9tudiants peuvent mieux comprendre la culture du milieu de travail canadienne, comment exceller lors de leurs entretiens,au travail et dans leur progression de carri\u00e8re apr\u00e8s l&#8217;obtention de leur dipl\u00f4me.&#8221;<\/p>\n<cite>&#8211; Bethany Edmunds, professeur, directrice des programmes informatiques, Northeastern University &#8211; Vancouver Campus<\/cite><\/blockquote>\n\n\t<\/div>\n\n<\/div>\n\n\t<\/div>\n\n<\/div>\n\n\n\r\n\r\n\r\n    \r\n        <div class=\"faq-wrap\" itemscope itemtype=\"https:\/\/schema.org\/FAQPage\">\r\n\r\n            <div class=\"container\">\r\n\r\n                \r\n                    <div class=\"top-content smpadding\">\r\n                        <h2>Avez-vous des questions? Ne cherchez pas plus loin!<\/h2>\n                    <\/div>\r\n\r\n                \r\n                <div class=\"accordion row\">\r\n\r\n                    \r\n                        <div class=\"col-12 col-md-6\">\r\n\r\n                            <div class=\"accordion-item\" itemscope itemprop=\"mainEntity\" itemtype=\"https:\/\/schema.org\/Question\">\r\n                                <h3 itemprop=\"name\">Comment pouvons-nous faire d\u00e9marrer nos \u00e9l\u00e8ves avec ASCEND?<\/h3>\r\n\r\n                                <div class=\"content\" itemscope itemprop=\"acceptedAnswer\" itemtype=\"https:\/\/schema.org\/Answer\">\r\n                                    <span itemprop=\"text\">\r\n                                        <p class=\"opener\"><a style=\"color: darkblue;\" href=\"https:\/\/ascendemployment.com\/fr\/partenaires-de-prestation-de-services\/#etapes-rejoindre\">Cliquez ici<\/a> pour conna\u00eetre les \u00e9tapes \u00e0 suivre pour adh\u00e9rer \u00e0 ASCEND.<\/p>\n                                    <\/span>\r\n                                <\/div>\r\n                            <\/div>\r\n\r\n                        <\/div>\r\n\r\n                    \r\n                        <div class=\"col-12 col-md-6\">\r\n\r\n                            <div class=\"accordion-item\" itemscope itemprop=\"mainEntity\" itemtype=\"https:\/\/schema.org\/Question\">\r\n                                <h3 itemprop=\"name\">Les participants non \u00e9ligibles peuvent-ils acc\u00e9der \u00e0 ASCEND?<\/h3>\r\n\r\n                                <div class=\"content\" itemscope itemprop=\"acceptedAnswer\" itemtype=\"https:\/\/schema.org\/Answer\">\r\n                                    <span itemprop=\"text\">\r\n                                        <p class=\"opener\">Les participants qui ne remplissent pas les <a style=\"color: darkblue;\" href=\"https:\/\/ascendemployment.com\/fr\/les-participants\/#conditions-d-eligibilite\">conditions d&#8217;\u00e9ligibilit\u00e9<\/a> peuvent acc\u00e9der \u00e0 ASCEND, \u00e0 titre payant. Les travailleurs \u00e9trangers temporaires, les citoyens canadiens, les \u00e9tudiants \u00e9trangers, etc. sont des exemples de participants non \u00e9ligibles qui acc\u00e8dent au programme ASCEND moyennant le paiement de frais. Veuillez <a style=\"color: darkblue;\" href=\"https:\/\/ascendemployment.com\/fr\/les-ecoles\/#contact-schools\">nous contacter<\/a> pour plus de d\u00e9tails sur les co\u00fbts du programme pour les participants non \u00e9ligibles.<\/p>\n                                    <\/span>\r\n                                <\/div>\r\n                            <\/div>\r\n\r\n                        <\/div>\r\n\r\n                    \r\n                        <div class=\"col-12 col-md-6\">\r\n\r\n                            <div class=\"accordion-item\" itemscope itemprop=\"mainEntity\" itemtype=\"https:\/\/schema.org\/Question\">\r\n                                <h3 itemprop=\"name\">Quels sont les \u00e9tudiants qui pourraient b\u00e9n\u00e9ficier d&#8217;ASCEND?<\/h3>\r\n\r\n                                <div class=\"content\" itemscope itemprop=\"acceptedAnswer\" itemtype=\"https:\/\/schema.org\/Answer\">\r\n                                    <span itemprop=\"text\">\r\n                                        <p class=\"opener\">ASCEND s&#8217;adresse directement aux \u00e9tudiants \u00e9trangers qui souhaitent savoir ce que les employeurs canadiens attendent d&#8217;eux. Cependant, tout \u00e9tudiant peut b\u00e9n\u00e9ficier de la formation en ligne attrayante du programme et des informations fournies par les employeurs.<\/p>\n                                    <\/span>\r\n                                <\/div>\r\n                            <\/div>\r\n\r\n                        <\/div>\r\n\r\n                    \r\n                        <div class=\"col-12 col-md-6\">\r\n\r\n                            <div class=\"accordion-item\" itemscope itemprop=\"mainEntity\" itemtype=\"https:\/\/schema.org\/Question\">\r\n                                <h3 itemprop=\"name\">Quel type de gestion ASCEND requiert-il?<\/h3>\r\n\r\n                                <div class=\"content\" itemscope itemprop=\"acceptedAnswer\" itemtype=\"https:\/\/schema.org\/Answer\">\r\n                                    <span itemprop=\"text\">\r\n                                        <p class=\"opener\">ASCEND est une solution pr\u00eate \u00e0 l&#8217;emploi qui ne n\u00e9cessite aucune supervision directe de la part des \u00e9tablissements d&#8217;enseignement. Nous nous occupons de la gestion en votre nom pour que vos \u00e9tudiants puissent terminer dans les d\u00e9lais impartis. Le programme est accessible aux \u00e9tudiants en ligne \u00e0 partir de n&#8217;importe quel appareil connect\u00e9 \u00e0 l&#8217;internet.<\/p>\n                                    <\/span>\r\n                                <\/div>\r\n                            <\/div>\r\n\r\n                        <\/div>\r\n\r\n                    \r\n                        <div class=\"col-12 col-md-6\">\r\n\r\n                            <div class=\"accordion-item\" itemscope itemprop=\"mainEntity\" itemtype=\"https:\/\/schema.org\/Question\">\r\n                                <h3 itemprop=\"name\">Combien de modules en ligne ASCEND comporte-t-il et combien de temps faut-il pour les compl\u00e9ter?<\/h3>\r\n\r\n                                <div class=\"content\" itemscope itemprop=\"acceptedAnswer\" itemtype=\"https:\/\/schema.org\/Answer\">\r\n                                    <span itemprop=\"text\">\r\n                                        <p class=\"opener\">Le programme ASCEND complet comprend une enqu\u00eate d&#8217;introduction, des sections &#8220;Introduction&#8221; et &#8220;Questionnaires d&#8217;avant programme&#8221; qui n\u00e9cessitent environ une heure de travail, suivies de 7 modules en ligne, chacun d&#8217;entre eux n\u00e9cessitant environ 2 \u00e0 3 heures de travail. Tous les modules en ligne sont enti\u00e8rement autodidactes. Les apprenants consacrent g\u00e9n\u00e9ralement 15 \u00e0 20 heures \u00e0 la r\u00e9alisation de tous les modules et devoirs en ligne. Il est recommand\u00e9 aux participants de suivre un module en ligne par semaine pour rester sur la bonne voie.<\/p>\n                                    <\/span>\r\n                                <\/div>\r\n                            <\/div>\r\n\r\n                        <\/div>\r\n\r\n                    \r\n                        <div class=\"col-12 col-md-6\">\r\n\r\n                            <div class=\"accordion-item\" itemscope itemprop=\"mainEntity\" itemtype=\"https:\/\/schema.org\/Question\">\r\n                                <h3 itemprop=\"name\">Quelle devrait \u00eatre la taille d&#8217;une cohorte ASCEND?<\/h3>\r\n\r\n                                <div class=\"content\" itemscope itemprop=\"acceptedAnswer\" itemtype=\"https:\/\/schema.org\/Answer\">\r\n                                    <span itemprop=\"text\">\r\n                                        <p class=\"opener\">ASCEND est id\u00e9alement g\u00e9r\u00e9 sur la base d&#8217;une cohorte. Le programme en ligne comporte un aspect social: les participants int\u00e9ress\u00e9s ont la possibilit\u00e9 de partager en ligne leurs ant\u00e9c\u00e9dents professionnels et leurs exp\u00e9riences. Plus il y a de participants dans une cohorte, plus on rit! Nous avons organis\u00e9 des cohortes de 2 \u00e0 150 participants. Veuillez nous communiquer \u00e0 l&#8217;avance le nombre estim\u00e9 de participants afin que nous puissions vous satisfaire.<\/p>\n                                    <\/span>\r\n                                <\/div>\r\n                            <\/div>\r\n\r\n                        <\/div>\r\n\r\n                    \r\n                <\/div>\r\n\r\n            <\/div>\r\n\r\n        <\/div>\r\n\r\n    \r\n\r\n\r\n    \r\n    \r\n\n\n<div class=\"wp-bootstrap-blocks-container container mb-2\">\n\t\n\n<div style=\"height:100px\" aria-hidden=\"true\" id=\"contact-schools\" class=\"wp-block-spacer\"><\/div>\n\n\n\n<h2 class=\"wp-block-heading\">Vous souhaitez proposer ASCEND \u00e0 vos \u00e9l\u00e8ves?<\/h2>\n\n\n\n<h2 class=\"wp-block-heading\">Contactez-nous pour commencer! <a href=\"mailto:ascend@iecbc.ca\" target=\"_blank\" rel=\"noreferrer noopener\">ascend@iecbc.ca<\/a><\/h2>\n\n\n\n<\/div>\n\n\n\n<button onclick=\"topFunction()\" id=\"myBtn\" title=\"Haut de page\"><img data-recalc-dims=\"1\" decoding=\"async\" src=\"https:\/\/i0.wp.com\/ascendemployment.com\/wp-content\/uploads\/icons8-left-50.png?w=1200\" alt=\"Bouton de retour en haut de page\"\/><\/button>\n<script>\n\/\/ Get the button\nlet mybutton = document.getElementById(\"myBtn\");\n\n\/\/ When the user scrolls down 20px from the top of the document, show the button\nwindow.onscroll = function() {scrollFunction()};\n\nfunction scrollFunction() {\n  if (document.body.scrollTop > 20 || document.documentElement.scrollTop > 20) {\n    mybutton.style.display = \"block\";\n  } else {\n    mybutton.style.display = \"none\";\n  }\n}\n\n\/\/ When the user clicks on the button, scroll to the top of the document\nfunction topFunction() {\n  document.body.scrollTop = 0;\n  document.documentElement.scrollTop = 0;\n}\n<\/script>\n","protected":false},"excerpt":{"rendered":"<p>Vid\u00e9o: D\u00e9monstration d\u2019ASCEND pour les partenaires Partenaires ASCEND (carte) Bulletin trimestriel des partenaires ASCEND a \u00e9t\u00e9 \u00e9labor\u00e9 en collaboration directe avec des chefs d&#8217;entreprise canadiens, de sorte que les \u00e9tudiants obtiennent leur dipl\u00f4me en sachant ce que les employeurs attendent d&#8217;eux et en poss\u00e9dant les comp\u00e9tences g\u00e9n\u00e9rales n\u00e9cessaires pour occuper l&#8217;emploi qu&#8217;ils ont choisi. La&hellip;<\/p>\n","protected":false},"author":80,"featured_media":37733,"parent":0,"menu_order":0,"comment_status":"closed","ping_status":"closed","template":"","meta":{"_acf_changed":false,"footnotes":""},"class_list":["post-37876","page","type-page","status-publish","has-post-thumbnail","hentry"],"acf":[],"_links":{"self":[{"href":"https:\/\/ascendemployment.com\/fr\/wp-json\/wp\/v2\/pages\/37876","targetHints":{"allow":["GET"]}}],"collection":[{"href":"https:\/\/ascendemployment.com\/fr\/wp-json\/wp\/v2\/pages"}],"about":[{"href":"https:\/\/ascendemployment.com\/fr\/wp-json\/wp\/v2\/types\/page"}],"author":[{"embeddable":true,"href":"https:\/\/ascendemployment.com\/fr\/wp-json\/wp\/v2\/users\/80"}],"replies":[{"embeddable":true,"href":"https:\/\/ascendemployment.com\/fr\/wp-json\/wp\/v2\/comments?post=37876"}],"version-history":[{"count":31,"href":"https:\/\/ascendemployment.com\/fr\/wp-json\/wp\/v2\/pages\/37876\/revisions"}],"predecessor-version":[{"id":39571,"href":"https:\/\/ascendemployment.com\/fr\/wp-json\/wp\/v2\/pages\/37876\/revisions\/39571"}],"wp:featuredmedia":[{"embeddable":true,"href":"https:\/\/ascendemployment.com\/fr\/wp-json\/wp\/v2\/media\/37733"}],"wp:attachment":[{"href":"https:\/\/ascendemployment.com\/fr\/wp-json\/wp\/v2\/media?parent=37876"}],"curies":[{"name":"wp","href":"https:\/\/api.w.org\/{rel}","templated":true}]}}