{"id":37867,"date":"2023-02-14T11:46:08","date_gmt":"2023-02-14T19:46:08","guid":{"rendered":"https:\/\/ascendemployment.com\/formulaire-dinscription-des-participants\/"},"modified":"2026-01-06T09:50:12","modified_gmt":"2026-01-06T17:50:12","slug":"formulaire-dinscription-des-participants","status":"publish","type":"page","link":"https:\/\/ascendemployment.com\/fr\/formulaire-dinscription-des-participants\/","title":{"rendered":"Formulaire d&#8217;inscription des participants"},"content":{"rendered":"\n<div style=\"height:100px\" aria-hidden=\"true\" class=\"wp-block-spacer\"><\/div>\n\n\n<div class=\"wp-bootstrap-blocks-container container mb-5 form-height\">\n\t\n<div class=\"wp-bootstrap-blocks-container container mb-2 before-form\">\n\t\n\n<h2 class=\"wp-block-heading has-text-color\" style=\"color:#40bde8\">Vous souhaitez acc\u00e9der au programme ASCEND ?<\/h2>\n\n\n\n<p class=\"opener\"><strong>Si vous :<\/strong><\/p>\n\n\n\n<ul class=\"wp-block-list\">\n<li>r\u00e9pondez \u00e0 tous les <a href=\"https:\/\/ascendemployment.com\/fr\/les-participants\/#conditions-d-eligibilite\">crit\u00e8res d&#8217;\u00e9ligibilit\u00e9<\/a> d&#8217;ASCEND, et ;<\/li>\n\n\n\n<li>vous <em>n&#8217;avez pas<\/em> acc\u00e8s aux services d&#8217;emploi ou d&#8217;\u00e9tablissement des immigrants d&#8217;une <a href=\"https:\/\/https:\/\/ascendemployment.com\/fr\/nous-contacter\/\">organisation partenaire d&#8217;ASCEND<\/a>, vous pouvez avoir acc\u00e8s \u00e0 ASCEND en soumettant ce formulaire.<\/li>\n<\/ul>\n\n\n\n<p>La prochaine cohorte ASCEND devrait commencer en<strong> mai 2026<\/strong>.<\/p>\n\n\n\n<p>Nous lan\u00e7ons une toute nouvelle plateforme d\u2019apprentissage ce printemps. <strong>Si votre \u00e9ligibilit\u00e9 est valid\u00e9e, vous serez inscrit.e sur la liste d\u2019attente pour la prochaine cohorte.<\/strong><\/p>\n\n\n\n<p>Vous pouvez remplir le formulaire d&#8217;inscription ci-dessous, ou, si vous ne parvenez pas \u00e0 le voir correctement, vous rendre sur <a href=\"https:\/\/can01.safelinks.protection.outlook.com\/?url=https%3A%2F%2Fiecbc.jotform.com%2F252184894852974&amp;data=05%7C02%7Cpantea.fard%40iecbc.ca%7C5dc75a11629f49bba2b508ddd5fe5069%7C87da91592c37424ca102d1a2f64fc00d%7C0%7C0%7C638902010437793740%7CUnknown%7CTWFpbGZsb3d8eyJFbXB0eU1hcGkiOnRydWUsIlYiOiIwLjAuMDAwMCIsIlAiOiJXaW4zMiIsIkFOIjoiTWFpbCIsIldUIjoyfQ%3D%3D%7C0%7C%7C%7C&amp;sdata=GcE%2BkJZWvnC37%2FOH%2FDwdc%2B0g%2BtTX3kQn25BZekwTN%2Fg%3D&amp;reserved=0\">la page web du formulaire<\/a>. <\/p>\n\n\n\n<p>Si vous avez des questions, n&#8217;h\u00e9sitez pas \u00e0 nous contacter \u00e0 : <a href=\"mailto:ascend@iecbc.ca\">ascend@iecbc.ca<\/a> .<\/p>\n\n\n\n<div style=\"height:43px\" aria-hidden=\"true\" class=\"wp-block-spacer\"><\/div>\n\n\n\n\n\n<\/div>\n\n\n<div class=\"wp-bootstrap-blocks-container container mb-2 form-width\">\n\t\n\n<div class=\"button-position\"><button class=\"print-button\" onclick=\"window.print()\"> <img data-recalc-dims=\"1\" decoding=\"async\" class=\"print-img\" src=\"https:\/\/i0.wp.com\/ascendemployment.com\/wp-content\/uploads\/icons8-print-64.png?w=1200\" alt=\"imprimer\"\/>  Imprimer<\/button><\/div>\n\n\n\n<iframe\n\n      id=\"JotFormIFrame-252184894852974\"\n\n      title=\"[Live] Demande d\u2019inscription en tant que participant ASCEND\"\n\n      onload=\"window.parent.scrollTo(0,0)\"\n\n      allowtransparency=\"true\"\n\n      allow=\"geolocation; microphone; camera; fullscreen; payment\"\n\n      src=\"https:\/\/iecbc.jotform.com\/252184894852974\"\n\n      frameborder=\"0\"\n\n      style=\"min-width:100%;max-width:100%;height:539px;border:none;\"\n\n      scrolling=\"no\"\n>\n<\/iframe>\n<script src='https:\/\/iecbc.jotform.com\/s\/umd\/latest\/for-form-embed-handler.js'><\/script>\n<script>window.jotformEmbedHandler(\"iframe[id='JotFormIFrame-252184894852974']\", \"https:\/\/iecbc.jotform.com\/\")<\/script>\n\n\n\n\n\n<\/div>\n\n\n\n\n\n<\/div>\n\n\n\n<div style=\"height:400px\" aria-hidden=\"true\" class=\"wp-block-spacer\"><\/div>\n\n\n\n<div style=\"height:100px\" aria-hidden=\"true\" class=\"wp-block-spacer\"><\/div>\n\n\n\n<div style=\"height:100px\" aria-hidden=\"true\" class=\"wp-block-spacer\"><\/div>\n\n\n\n<div style=\"height:100px\" aria-hidden=\"true\" class=\"wp-block-spacer\"><\/div>\n\n\n\n<div style=\"height:470px\" aria-hidden=\"true\" class=\"wp-block-spacer\"><\/div>\n\n\n\n<button onclick=\"topFunction()\" id=\"myBtn\" title=\"Haut de page\"><img data-recalc-dims=\"1\" decoding=\"async\" src=\"https:\/\/i0.wp.com\/ascendemployment.com\/wp-content\/uploads\/icons8-left-50.png?w=1200\" alt=\"Bouton de retour en haut de page\"\/><\/button>\n<script>\n\/\/ Get the button\nlet mybutton = document.getElementById(\"myBtn\");\n\n\/\/ When the user scrolls down 20px from the top of the document, show the button\nwindow.onscroll = function() {scrollFunction()};\n\nfunction scrollFunction() {\n  if (document.body.scrollTop > 20 || document.documentElement.scrollTop > 20) {\n    mybutton.style.display = \"block\";\n  } else {\n    mybutton.style.display = \"none\";\n  }\n}\n\n\/\/ When the user clicks on the button, scroll to the top of the document\nfunction topFunction() {\n  document.body.scrollTop = 0;\n  document.documentElement.scrollTop = 0;\n}\n<\/script>\n","protected":false},"excerpt":{"rendered":"<p>Si vous : r\u00e9pondez \u00e0 tous les crit\u00e8res d&#8217;\u00e9ligibilit\u00e9 d&#8217;ASCEND, et ; vous n&#8217;avez pas acc\u00e8s aux services d&#8217;emploi ou d&#8217;\u00e9tablissement des immigrants d&#8217;une organisation partenaire d&#8217;ASCEND, vous pouvez avoir acc\u00e8s \u00e0 ASCEND en soumettant ce formulaire. La prochaine cohorte ASCEND devrait commencer en mai 2026. Nous lan\u00e7ons une toute nouvelle plateforme d\u2019apprentissage ce printemps.&hellip;<\/p>\n","protected":false},"author":80,"featured_media":37733,"parent":0,"menu_order":0,"comment_status":"closed","ping_status":"closed","template":"","meta":{"_acf_changed":false,"footnotes":""},"class_list":["post-37867","page","type-page","status-publish","has-post-thumbnail","hentry"],"acf":[],"_links":{"self":[{"href":"https:\/\/ascendemployment.com\/fr\/wp-json\/wp\/v2\/pages\/37867","targetHints":{"allow":["GET"]}}],"collection":[{"href":"https:\/\/ascendemployment.com\/fr\/wp-json\/wp\/v2\/pages"}],"about":[{"href":"https:\/\/ascendemployment.com\/fr\/wp-json\/wp\/v2\/types\/page"}],"author":[{"embeddable":true,"href":"https:\/\/ascendemployment.com\/fr\/wp-json\/wp\/v2\/users\/80"}],"replies":[{"embeddable":true,"href":"https:\/\/ascendemployment.com\/fr\/wp-json\/wp\/v2\/comments?post=37867"}],"version-history":[{"count":49,"href":"https:\/\/ascendemployment.com\/fr\/wp-json\/wp\/v2\/pages\/37867\/revisions"}],"predecessor-version":[{"id":39550,"href":"https:\/\/ascendemployment.com\/fr\/wp-json\/wp\/v2\/pages\/37867\/revisions\/39550"}],"wp:featuredmedia":[{"embeddable":true,"href":"https:\/\/ascendemployment.com\/fr\/wp-json\/wp\/v2\/media\/37733"}],"wp:attachment":[{"href":"https:\/\/ascendemployment.com\/fr\/wp-json\/wp\/v2\/media?parent=37867"}],"curies":[{"name":"wp","href":"https:\/\/api.w.org\/{rel}","templated":true}]}}