{"id":37866,"date":"2018-05-04T17:56:13","date_gmt":"2018-05-05T00:56:13","guid":{"rendered":"https:\/\/ascendemployment.com\/nous-contacter\/"},"modified":"2023-10-20T09:20:45","modified_gmt":"2023-10-20T16:20:45","slug":"nous-contacter","status":"publish","type":"page","link":"https:\/\/ascendemployment.com\/fr\/nous-contacter\/","title":{"rendered":"Nous contacter"},"content":{"rendered":"<div class=\"wp-bootstrap-blocks-container container mb-2 lgpadding\">\n\t\n\n<h1 class=\"wp-block-heading\">Prendre contact avec nous c&#8217;est facile!<\/h1>\n\n\n\n<p class=\"opener\">Zoomez sur une ic\u00f4ne ASCEND sur la carte, ou agrandissez-la en plein \u00e9cran, pour en savoir plus sur nos partenaires ASCEND dans votre r\u00e9gion:<\/p>\n\n\n\n\n\n\n\n<p style=\"text-align:center\"><iframe loading=\"lazy\" src=\"https:\/\/www.google.com\/maps\/d\/u\/0\/embed?mid=1AohRDFDoLTShjDUqW7p4FDG3uUZ1Fig&#038;ehbc=2E312F\" width=\"100%\" height=\"480\"><\/iframe><\/p>\n\n\n\n<div style=\"height:43px\" aria-hidden=\"true\" class=\"wp-block-spacer\"><\/div>\n\n\n\n<p>Vous avez des questions sur l&#8217;\u00e9ligibilit\u00e9, l&#8217;inscription ou le contenu du programme ? Nous serions ravis de vous r\u00e9pondre.<\/p>\n\n\n\n<p>Contactez-nous ci-dessous pour plus d&#8217;informations.<br><\/p>\n\n\n\n<p>T\u00e9l\u00e9phone : <a class=\"phone\" target=\"_blank\" href=\"tel:6046295364\">604.629.5364<\/a>\n<p>Adresse :  <a href=\"https:\/\/maps.app.goo.gl\/V3HAL1NDeTgFwDyNA\">720 \u2013 750 West Pender Street Vancouver, BC V6C 2T7<\/a><\/p>\n\n\n\n\n\n\n\n<iframe frameBorder=\"0\" id=\"b37c87d9-f59e-4408-996d-156ca210449a\" width=\"100%\" height=\"800\"><\/iframe><script>var sandboxSrc = \"https:\/\/0036f57f18b04f83840a848426975352.svc.dynamics.com\/t\/formsandbox\/CfgIpnx-zvnc95y-cwMt18uQYKZo1X2EXf6dpVd3xAo\/4a6a3bda-ae67-ee11-9ae7-0022483d89ba?ad=\" + encodeURIComponent(document.location.toString()); document.getElementById('b37c87d9-f59e-4408-996d-156ca210449a').setAttribute('src', sandboxSrc); <\/script>\n\n<\/div>\n\n\n\n<button onclick=\"topFunction()\" id=\"myBtn\" title=\"Haut de page\"><img data-recalc-dims=\"1\" decoding=\"async\" src=\"https:\/\/i0.wp.com\/ascendemployment.com\/wp-content\/uploads\/icons8-left-50.png?w=1200\" alt=\"Bouton de retour en haut de page\"\/><\/button>\n<script>\n\/\/ Get the button\nlet mybutton = document.getElementById(\"myBtn\");\n\n\/\/ When the user scrolls down 20px from the top of the document, show the button\nwindow.onscroll = function() {scrollFunction()};\n\nfunction scrollFunction() {\n  if (document.body.scrollTop > 20 || document.documentElement.scrollTop > 20) {\n    mybutton.style.display = \"block\";\n  } else {\n    mybutton.style.display = \"none\";\n  }\n}\n\n\/\/ When the user clicks on the button, scroll to the top of the document\nfunction topFunction() {\n  document.body.scrollTop = 0;\n  document.documentElement.scrollTop = 0;\n}\n<\/script>\n","protected":false},"excerpt":{"rendered":"<p>Zoomez sur une ic\u00f4ne ASCEND sur la carte, ou agrandissez-la en plein \u00e9cran, pour en savoir plus sur nos partenaires ASCEND dans votre r\u00e9gion: Vous avez des questions sur l&#8217;\u00e9ligibilit\u00e9, l&#8217;inscription ou le contenu du programme ? Nous serions ravis de vous r\u00e9pondre. Contactez-nous ci-dessous pour plus d&#8217;informations. T\u00e9l\u00e9phone : Adresse : 720 \u2013 750&hellip;<\/p>\n","protected":false},"author":80,"featured_media":0,"parent":0,"menu_order":0,"comment_status":"closed","ping_status":"closed","template":"","meta":{"_acf_changed":false,"footnotes":""},"class_list":["post-37866","page","type-page","status-publish","hentry"],"acf":[],"_links":{"self":[{"href":"https:\/\/ascendemployment.com\/fr\/wp-json\/wp\/v2\/pages\/37866","targetHints":{"allow":["GET"]}}],"collection":[{"href":"https:\/\/ascendemployment.com\/fr\/wp-json\/wp\/v2\/pages"}],"about":[{"href":"https:\/\/ascendemployment.com\/fr\/wp-json\/wp\/v2\/types\/page"}],"author":[{"embeddable":true,"href":"https:\/\/ascendemployment.com\/fr\/wp-json\/wp\/v2\/users\/80"}],"replies":[{"embeddable":true,"href":"https:\/\/ascendemployment.com\/fr\/wp-json\/wp\/v2\/comments?post=37866"}],"version-history":[{"count":14,"href":"https:\/\/ascendemployment.com\/fr\/wp-json\/wp\/v2\/pages\/37866\/revisions"}],"predecessor-version":[{"id":38887,"href":"https:\/\/ascendemployment.com\/fr\/wp-json\/wp\/v2\/pages\/37866\/revisions\/38887"}],"wp:attachment":[{"href":"https:\/\/ascendemployment.com\/fr\/wp-json\/wp\/v2\/media?parent=37866"}],"curies":[{"name":"wp","href":"https:\/\/api.w.org\/{rel}","templated":true}]}}